{"id":2,"date":"2018-10-11T08:53:10","date_gmt":"2018-10-11T06:53:10","guid":{"rendered":"http:\/\/imuz.strony.uw.edu.pl\/?page_id=2"},"modified":"2023-07-25T22:07:02","modified_gmt":"2023-07-25T20:07:02","slug":"historia","status":"publish","type":"page","link":"http:\/\/imuz.uw.edu.pl\/en\/instytut\/historia\/","title":{"rendered":"History"},"content":{"rendered":"<p style=\"font-weight: 400\">Musicology studies at the University of Warsaw have a tradition of more than seventy years. On 1 October 1948 the Musicology Unit was launched as part of the History Section of the Faculty of Humanities, University of Warsaw. The initiative to establish the unit came from <a href=\"http:\/\/imuz.uw.edu.pl\/jubileusz\/\">Zofia Lissa<\/a>, a holder of a doctoral degree in philosophy and musicologist educated at the John Casimir University in Lviv, where she also worked in the inter-war period. The new unit had twelve students and the curriculum encompassed five lectures in the main subjects: \u201cOn musical thinking\u201d, \u201cSystematics of musicology\u201d, \u201cHistory of musical culture\u201d, \u201cHarmonic analysis\u201d and \u201cFormal analysis\u201d (the comparison with the current curriculum is striking!). The first musicology graduates in 1953 were:\u00a0Micha\u0142 Bristiger,\u00a0J\u00f3zef Ka\u0144ski\u00a0and\u00a0J\u00f3zef Patkowski.<\/p>\n<p style=\"font-weight: 400\">Thanks to Zofia Lissa\u00a0<a href=\"http:\/\/imuz.uw.edu.pl\/jubileusz\/\">J\u00f3zef Micha\u0142 Chomi\u0144ski<\/a>\u00a0and Father\u00a0<a href=\"http:\/\/imuz.uw.edu.pl\/jubileusz\/\">Hieronim Feicht<\/a> began lecturing in musicology at the University of Warsaw, and the unit was eventually transformed into Department of Musicology, which in 1958 obtained the status of an Institute. The Institute of Musicology, which operated within the Faculty of History, was made up of three units: General History of Music, headed by Prof. J\u00f3zef M. Chomi\u0144ski; History of Polish Music, headed by Prof. Hieronim Feicht, with a separate Folk Music Section (Marian Sobieski); and History of Theory and Aesthetics, headed by Prof. Zofia Lissa, who also served as the first director of the Institute. In the 1958\/1959 academic year, the first year of the functioning of the Institute, it had eighty musicology students.\u00a0Another unit, of Musical Ethnography, headed by Anna Czekanowska, was created in 1969.<\/p>\n<p style=\"font-weight: 400\">The structure of the Institute was finally established in 1995, comprising five units: General History of Music (Head\u00a0\u2014 Prof. dr hab.\u00a0Irena Poniatowska, Prof. dr hab.\u00a0Alina \u017b\u00f3rawska-Witkowska), History of Polish Music (Prof. dr hab.\u00a0Miros\u0142aw Perz), Music Theory and Aesthetics (Prof. dr hab.\u00a0Zofia Helman, Prof. dr hab.\u00a0Zbigniew Skowron, associate professor), Ethnomusicology (Prof. dr hab.\u00a0Anna Czekanowska-Kukli\u0144ska, Prof. dr hab.\u00a0Piotr Dahlig) as well as a new, unit, Systematic Musicology (Prof. dr hab.\u00a0S\u0142awomira \u017bera\u0144ska-Kominek). The position of the director of the Institute was held by Prof.\u00a0Zofia Lissa, Prof.\u00a0Anna Czekanowska-Kukli\u0144ska, Prof.\u00a0Zofia Helman, Prof.\u00a0Miros\u0142aw Perz, Prof.\u00a0S\u0142awomira \u017bera\u0144ska-Kominek, Prof.\u00a0Zbigniew Skowron\u00a0and \u2014 currently \u2014 Dr hab.\u00a0Iwona Lindstedt, associate professor.<\/p>\n<p style=\"font-weight: 400\">A part-time study programme was launched in the 1999\/2000, with a profile different from that of the full-time programme. Its students took part in classes in psychology of music, music therapy and music criticism. However, the programme was eventually closed down.<\/p>\n<p style=\"font-weight: 400\">On the initiative of the Institute the University of Warsaw granted honorary doctorates to the most eminent contemporary Polish composers:\u00a0Witold Lutos\u0142awski, Krzysztof Penderecki and Henryk M. G\u00f3recki, as well as Prof. Giuseppe Vecchi from the University of Bologna, for his outstanding services to Polish musicology.<\/p>\n<p style=\"font-weight: 400\">Until 1952 classes were held in a small flat in ul. Ho\u017ca, then in the so-called Deputy Rector House in Krakowskie Przedmie\u015bcie (a place of unique historic value, once the home of the Chopin family). In 1957 musicology was given spacious rooms on the eighth floor of the Palace of Culture and Science, which it had to vacate eight years later: in 1974 the Institute was moved to the Faculty of Geology, University of Warsaw, in ul. \u017bwirki i Wigury. Initially planned as a temporary measure, it lasted for a quarter of a century. It was not until the beginning of the 2001\/2002 academic year that the Institute received a new home in the historic Tyszkiewicz-Potocki Palace, vacated by the University Library. This eighteenth-century building has some of the most beautiful historic interiors in Warsaw, which create a unique climate for study.<\/p>\n<p style=\"font-weight: 400\">Following the 2019\u20132020 reform of higher education, the Institute of Musicology became part of the newly established Faculty of Culture and Arts, University of Warsaw. On the one hand it signifies the end of the seventy-year activity of the Institute in its previous form and structure within the Faculty of History, University of Warsaw, and on the other \u2013 it opens up new fields for its research and teaching work. It is to be hoped that it will be just as fruitful as in the past.<\/p>\n<p><span style=\"font-weight: 400\">The high stature of the Institute of Musicology, University of Warsaw, has been confirmed by the University Accreditation Commission, which has placed it among the most important centres of its kind in Poland.<\/span>","protected":false},"excerpt":{"rendered":"<p>Musicology studies at the University of Warsaw have a tradition of more than seventy years. On 1 October 1948 the<\/p>\n","protected":false},"author":907,"featured_media":1116,"parent":419,"menu_order":0,"comment_status":"closed","ping_status":"closed","template":"page-with-widget.php","meta":{"_expiration-date-status":"","_expiration-date":0,"_expiration-date-type":"","_expiration-date-categories":[],"_expiration-date-options":[],"_links_to":"","_links_to_target":""},"acf":[],"_links":{"self":[{"href":"http:\/\/imuz.uw.edu.pl\/en\/wp-json\/wp\/v2\/pages\/2"}],"collection":[{"href":"http:\/\/imuz.uw.edu.pl\/en\/wp-json\/wp\/v2\/pages"}],"about":[{"href":"http:\/\/imuz.uw.edu.pl\/en\/wp-json\/wp\/v2\/types\/page"}],"author":[{"embeddable":true,"href":"http:\/\/imuz.uw.edu.pl\/en\/wp-json\/wp\/v2\/users\/907"}],"replies":[{"embeddable":true,"href":"http:\/\/imuz.uw.edu.pl\/en\/wp-json\/wp\/v2\/comments?post=2"}],"version-history":[{"count":52,"href":"http:\/\/imuz.uw.edu.pl\/en\/wp-json\/wp\/v2\/pages\/2\/revisions"}],"predecessor-version":[{"id":7616,"href":"http:\/\/imuz.uw.edu.pl\/en\/wp-json\/wp\/v2\/pages\/2\/revisions\/7616"}],"up":[{"embeddable":true,"href":"http:\/\/imuz.uw.edu.pl\/en\/wp-json\/wp\/v2\/pages\/419"}],"wp:featuredmedia":[{"embeddable":true,"href":"http:\/\/imuz.uw.edu.pl\/en\/wp-json\/wp\/v2\/media\/1116"}],"wp:attachment":[{"href":"http:\/\/imuz.uw.edu.pl\/en\/wp-json\/wp\/v2\/media?parent=2"}],"curies":[{"name":"wp","href":"https:\/\/api.w.org\/{rel}","templated":true}]}}